{"id":11770,"date":"2023-03-21T11:27:03","date_gmt":"2023-03-21T11:27:03","guid":{"rendered":"https:\/\/martinfortuna.de\/?page_id=11770"},"modified":"2023-06-12T05:48:01","modified_gmt":"2023-06-12T05:48:01","slug":"privacy-policy-2","status":"publish","type":"page","link":"https:\/\/martinfortuna.de\/en\/privacy-policy-2\/","title":{"rendered":"Privacy policy"},"content":{"rendered":"\t\t<div data-elementor-type=\"wp-page\" data-elementor-id=\"11770\" class=\"elementor elementor-11770\">\n\t\t\t\t\t\t\t\t\t<section class=\"elementor-section elementor-top-section elementor-element elementor-element-a5ee159 elementor-section-boxed elementor-section-height-default elementor-section-height-default rt-parallax-bg-no\" data-id=\"a5ee159\" data-element_type=\"section\">\n\t\t\t\t\t\t<div class=\"elementor-container elementor-column-gap-default\">\n\t\t\t\t\t<div class=\"elementor-column elementor-col-100 elementor-top-column elementor-element elementor-element-81476bd\" data-id=\"81476bd\" data-element_type=\"column\">\n\t\t\t<div class=\"elementor-widget-wrap elementor-element-populated\">\n\t\t\t\t\t\t\t\t<div class=\"elementor-element elementor-element-df63d7c elementor-widget elementor-widget-spacer\" data-id=\"df63d7c\" data-element_type=\"widget\" data-widget_type=\"spacer.default\">\n\t\t\t\t<div class=\"elementor-widget-container\">\n\t\t\t<style>\/*! elementor - v3.10.0 - 09-01-2023 *\/\n.elementor-column .elementor-spacer-inner{height:var(--spacer-size)}.e-con{--container-widget-width:100%}.e-con-inner>.elementor-widget-spacer,.e-con>.elementor-widget-spacer{width:var(--container-widget-width,var(--spacer-size));--align-self:var(--container-widget-align-self,initial);--flex-shrink:0}.e-con-inner>.elementor-widget-spacer>.elementor-widget-container,.e-con-inner>.elementor-widget-spacer>.elementor-widget-container>.elementor-spacer,.e-con>.elementor-widget-spacer>.elementor-widget-container,.e-con>.elementor-widget-spacer>.elementor-widget-container>.elementor-spacer{height:100%}.e-con-inner>.elementor-widget-spacer>.elementor-widget-container>.elementor-spacer>.elementor-spacer-inner,.e-con>.elementor-widget-spacer>.elementor-widget-container>.elementor-spacer>.elementor-spacer-inner{height:var(--container-widget-height,var(--spacer-size))}<\/style>\t\t<div class=\"elementor-spacer\">\n\t\t\t<div class=\"elementor-spacer-inner\"><\/div>\n\t\t<\/div>\n\t\t\t\t<\/div>\n\t\t\t\t<\/div>\n\t\t\t\t<div class=\"elementor-element elementor-element-2ecf58e elementor-widget elementor-widget-heading\" data-id=\"2ecf58e\" data-element_type=\"widget\" data-widget_type=\"heading.default\">\n\t\t\t\t<div class=\"elementor-widget-container\">\n\t\t\t<style>\/*! elementor - v3.10.0 - 09-01-2023 *\/\n.elementor-heading-title{padding:0;margin:0;line-height:1}.elementor-widget-heading .elementor-heading-title[class*=elementor-size-]>a{color:inherit;font-size:inherit;line-height:inherit}.elementor-widget-heading .elementor-heading-title.elementor-size-small{font-size:15px}.elementor-widget-heading .elementor-heading-title.elementor-size-medium{font-size:19px}.elementor-widget-heading .elementor-heading-title.elementor-size-large{font-size:29px}.elementor-widget-heading .elementor-heading-title.elementor-size-xl{font-size:39px}.elementor-widget-heading .elementor-heading-title.elementor-size-xxl{font-size:59px}<\/style><h2 class=\"elementor-heading-title elementor-size-default\"><span style=\"color:#2962ff\"><b>Policy on <\/b><\/span> Personal Data Protection<\/h2>\t\t<\/div>\n\t\t\t\t<\/div>\n\t\t\t\t<div class=\"elementor-element elementor-element-c93fb52 elementor-icon-list--layout-traditional elementor-list-item-link-full_width elementor-widget elementor-widget-icon-list\" data-id=\"c93fb52\" data-element_type=\"widget\" data-widget_type=\"icon-list.default\">\n\t\t\t\t<div class=\"elementor-widget-container\">\n\t\t\t<link rel=\"stylesheet\" href=\"https:\/\/martinfortuna.de\/wp-content\/plugins\/elementor\/assets\/css\/widget-icon-list.min.css\">\t\t<ul class=\"elementor-icon-list-items\">\n\t\t\t\t\t\t\t<li class=\"elementor-icon-list-item\">\n\t\t\t\t\t\t\t\t\t\t\t<span class=\"elementor-icon-list-icon\">\n\t\t\t\t\t\t\t<i aria-hidden=\"true\" class=\"fas fa-dot-circle\"><\/i>\t\t\t\t\t\t<\/span>\n\t\t\t\t\t\t\t\t\t\t<span class=\"elementor-icon-list-text\">Article #1 (Data Controller and Contact Information)<\/span>\n\t\t\t\t\t\t\t\t\t<\/li>\n\t\t\t\t\t\t<\/ul>\n\t\t\t\t<\/div>\n\t\t\t\t<\/div>\n\t\t\t\t<div class=\"elementor-element elementor-element-98906fb elementor-widget elementor-widget-text-editor\" data-id=\"98906fb\" data-element_type=\"widget\" data-widget_type=\"text-editor.default\">\n\t\t\t\t<div class=\"elementor-widget-container\">\n\t\t\t<style>\/*! elementor - v3.10.0 - 09-01-2023 *\/\n.elementor-widget-text-editor.elementor-drop-cap-view-stacked .elementor-drop-cap{background-color:#818a91;color:#fff}.elementor-widget-text-editor.elementor-drop-cap-view-framed .elementor-drop-cap{color:#818a91;border:3px solid;background-color:transparent}.elementor-widget-text-editor:not(.elementor-drop-cap-view-default) .elementor-drop-cap{margin-top:8px}.elementor-widget-text-editor:not(.elementor-drop-cap-view-default) .elementor-drop-cap-letter{width:1em;height:1em}.elementor-widget-text-editor .elementor-drop-cap{float:left;text-align:center;line-height:1;font-size:50px}.elementor-widget-text-editor .elementor-drop-cap-letter{display:inline-block}<\/style>\t\t\t\t<p>The provisions of this document apply to the collection and processing of all personal data collected and processed by the company Rde\u010da Oran\u017ea, iskustveni marketing d.o.o. (hereinafter referred to as the &#8220;Controller&#8221;).<\/p><p>\u00a0<\/p><p>Information about the Controller: Company:<\/p><p>Rde\u010da Oran\u017ea, izkustveni marketing d.o.o.<\/p><p>Address: Titova cesta 2A, 2000 Maribor<\/p><p>Registration number: 6790607000<\/p><p>Phone: 041 319 701<\/p><p>Email: <a href=\"mailto:info@oranza.si\" target=\"_new\">info@oranza.si<\/a><\/p><p>\u00a0<\/p><p>Data Protection Officer&#8217;s contact information:<\/p><p>Name: Martin Koro\u0161ec<\/p><p>Contact phone: 041 319 701<\/p><p>Contact email address: <a href=\"mailto:info@oranza.si\" target=\"_new\">info@oranza.si<\/a><\/p>\t\t\t\t\t\t<\/div>\n\t\t\t\t<\/div>\n\t\t\t\t<div class=\"elementor-element elementor-element-7918027 elementor-icon-list--layout-traditional elementor-list-item-link-full_width elementor-widget elementor-widget-icon-list\" data-id=\"7918027\" data-element_type=\"widget\" data-widget_type=\"icon-list.default\">\n\t\t\t\t<div class=\"elementor-widget-container\">\n\t\t\t\t\t<ul class=\"elementor-icon-list-items\">\n\t\t\t\t\t\t\t<li class=\"elementor-icon-list-item\">\n\t\t\t\t\t\t\t\t\t\t\t<span class=\"elementor-icon-list-icon\">\n\t\t\t\t\t\t\t<i aria-hidden=\"true\" class=\"fas fa-dot-circle\"><\/i>\t\t\t\t\t\t<\/span>\n\t\t\t\t\t\t\t\t\t\t<span class=\"elementor-icon-list-text\">Article #2 (Types of Processed Personal Data) <\/span>\n\t\t\t\t\t\t\t\t\t<\/li>\n\t\t\t\t\t\t<\/ul>\n\t\t\t\t<\/div>\n\t\t\t\t<\/div>\n\t\t\t\t<div class=\"elementor-element elementor-element-94b7462 elementor-widget elementor-widget-text-editor\" data-id=\"94b7462\" data-element_type=\"widget\" data-widget_type=\"text-editor.default\">\n\t\t\t\t<div class=\"elementor-widget-container\">\n\t\t\t\t\t\t\t<p><strong>Types of personal data we process:<\/strong><\/p><ol><li>Basic contact information:<\/li><\/ol><ul><li>Name and surname<\/li><li>Email address<\/li><li>Phone number<\/li><li>Company name (if registering as a company)<\/li><\/ul>\t\t\t\t\t\t<\/div>\n\t\t\t\t<\/div>\n\t\t\t\t<div class=\"elementor-element elementor-element-35bcfca elementor-icon-list--layout-traditional elementor-list-item-link-full_width elementor-widget elementor-widget-icon-list\" data-id=\"35bcfca\" data-element_type=\"widget\" data-widget_type=\"icon-list.default\">\n\t\t\t\t<div class=\"elementor-widget-container\">\n\t\t\t\t\t<ul class=\"elementor-icon-list-items\">\n\t\t\t\t\t\t\t<li class=\"elementor-icon-list-item\">\n\t\t\t\t\t\t\t\t\t\t\t<span class=\"elementor-icon-list-icon\">\n\t\t\t\t\t\t\t<i aria-hidden=\"true\" class=\"fas fa-dot-circle\"><\/i>\t\t\t\t\t\t<\/span>\n\t\t\t\t\t\t\t\t\t\t<span class=\"elementor-icon-list-text\">Article #3 (Legal Basis for Processing Personal Data)<\/span>\n\t\t\t\t\t\t\t\t\t<\/li>\n\t\t\t\t\t\t<\/ul>\n\t\t\t\t<\/div>\n\t\t\t\t<\/div>\n\t\t\t\t<div class=\"elementor-element elementor-element-308101c elementor-widget elementor-widget-text-editor\" data-id=\"308101c\" data-element_type=\"widget\" data-widget_type=\"text-editor.default\">\n\t\t\t\t<div class=\"elementor-widget-container\">\n\t\t\t\t\t\t\t<p>We process personal data when necessary to fulfill legal obligations or contractual obligations with you. We also process personal data when given consent for processing. You can withdraw your consent at any time.<\/p>\t\t\t\t\t\t<\/div>\n\t\t\t\t<\/div>\n\t\t\t\t<div class=\"elementor-element elementor-element-2f81aa9 elementor-icon-list--layout-traditional elementor-list-item-link-full_width elementor-widget elementor-widget-icon-list\" data-id=\"2f81aa9\" data-element_type=\"widget\" data-widget_type=\"icon-list.default\">\n\t\t\t\t<div class=\"elementor-widget-container\">\n\t\t\t\t\t<ul class=\"elementor-icon-list-items\">\n\t\t\t\t\t\t\t<li class=\"elementor-icon-list-item\">\n\t\t\t\t\t\t\t\t\t\t\t<span class=\"elementor-icon-list-icon\">\n\t\t\t\t\t\t\t<i aria-hidden=\"true\" class=\"fas fa-dot-circle\"><\/i>\t\t\t\t\t\t<\/span>\n\t\t\t\t\t\t\t\t\t\t<span class=\"elementor-icon-list-text\">Article #4 (Purposes of Processing Personal Data)<\/span>\n\t\t\t\t\t\t\t\t\t<\/li>\n\t\t\t\t\t\t<\/ul>\n\t\t\t\t<\/div>\n\t\t\t\t<\/div>\n\t\t\t\t<div class=\"elementor-element elementor-element-cf53e76 elementor-widget elementor-widget-text-editor\" data-id=\"cf53e76\" data-element_type=\"widget\" data-widget_type=\"text-editor.default\">\n\t\t\t\t<div class=\"elementor-widget-container\">\n\t\t\t\t\t\t\t<p>We collect and process personal data for the following purposes:<\/p><ul><li>Informing clients about workshop progress<\/li><li>Notifying about new workshop dates<\/li><li>Notifying about new workshop topics<\/li><\/ul>\t\t\t\t\t\t<\/div>\n\t\t\t\t<\/div>\n\t\t\t\t<div class=\"elementor-element elementor-element-7abe0a0 elementor-icon-list--layout-traditional elementor-list-item-link-full_width elementor-widget elementor-widget-icon-list\" data-id=\"7abe0a0\" data-element_type=\"widget\" data-widget_type=\"icon-list.default\">\n\t\t\t\t<div class=\"elementor-widget-container\">\n\t\t\t\t\t<ul class=\"elementor-icon-list-items\">\n\t\t\t\t\t\t\t<li class=\"elementor-icon-list-item\">\n\t\t\t\t\t\t\t\t\t\t\t<span class=\"elementor-icon-list-icon\">\n\t\t\t\t\t\t\t<i aria-hidden=\"true\" class=\"fas fa-dot-circle\"><\/i>\t\t\t\t\t\t<\/span>\n\t\t\t\t\t\t\t\t\t\t<span class=\"elementor-icon-list-text\">Article #5 (Retention of Personal Data)<\/span>\n\t\t\t\t\t\t\t\t\t<\/li>\n\t\t\t\t\t\t<\/ul>\n\t\t\t\t<\/div>\n\t\t\t\t<\/div>\n\t\t\t\t<div class=\"elementor-element elementor-element-758832e elementor-widget elementor-widget-text-editor\" data-id=\"758832e\" data-element_type=\"widget\" data-widget_type=\"text-editor.default\">\n\t\t\t\t<div class=\"elementor-widget-container\">\n\t\t\t\t\t\t\t<p>We retain basic contact personal data as long as you have the status of a registered user on our website. Personal data obtained based on your consent is kept until the consent is revoked. Invoice data is kept for 10 years from the date of issuance. Data collected for the purpose of fulfilling contractual obligations is kept for 5 years after the contract is fulfilled. After the retention period expires, personal data is permanently and effectively erased or anonymized, losing its character as personal data.<\/p>\t\t\t\t\t\t<\/div>\n\t\t\t\t<\/div>\n\t\t\t\t<div class=\"elementor-element elementor-element-b01a844 elementor-icon-list--layout-traditional elementor-list-item-link-full_width elementor-widget elementor-widget-icon-list\" data-id=\"b01a844\" data-element_type=\"widget\" data-widget_type=\"icon-list.default\">\n\t\t\t\t<div class=\"elementor-widget-container\">\n\t\t\t\t\t<ul class=\"elementor-icon-list-items\">\n\t\t\t\t\t\t\t<li class=\"elementor-icon-list-item\">\n\t\t\t\t\t\t\t\t\t\t\t<span class=\"elementor-icon-list-icon\">\n\t\t\t\t\t\t\t<i aria-hidden=\"true\" class=\"fas fa-dot-circle\"><\/i>\t\t\t\t\t\t<\/span>\n\t\t\t\t\t\t\t\t\t\t<span class=\"elementor-icon-list-text\">Article #6 (Disclosure of Personal Data)<\/span>\n\t\t\t\t\t\t\t\t\t<\/li>\n\t\t\t\t\t\t<\/ul>\n\t\t\t\t<\/div>\n\t\t\t\t<\/div>\n\t\t\t\t<div class=\"elementor-element elementor-element-d246085 elementor-widget elementor-widget-text-editor\" data-id=\"d246085\" data-element_type=\"widget\" data-widget_type=\"text-editor.default\">\n\t\t\t\t<div class=\"elementor-widget-container\">\n\t\t\t\t\t\t\t<p>Whether or not to provide us with your personal data is a voluntary decision. Failure to provide certain categories of personal data may result in the inability to provide the service or refusal to enter into a contract.<\/p>\t\t\t\t\t\t<\/div>\n\t\t\t\t<\/div>\n\t\t\t\t<div class=\"elementor-element elementor-element-5d19049 elementor-icon-list--layout-traditional elementor-list-item-link-full_width elementor-widget elementor-widget-icon-list\" data-id=\"5d19049\" data-element_type=\"widget\" data-widget_type=\"icon-list.default\">\n\t\t\t\t<div class=\"elementor-widget-container\">\n\t\t\t\t\t<ul class=\"elementor-icon-list-items\">\n\t\t\t\t\t\t\t<li class=\"elementor-icon-list-item\">\n\t\t\t\t\t\t\t\t\t\t\t<span class=\"elementor-icon-list-icon\">\n\t\t\t\t\t\t\t<i aria-hidden=\"true\" class=\"fas fa-dot-circle\"><\/i>\t\t\t\t\t\t<\/span>\n\t\t\t\t\t\t\t\t\t\t<span class=\"elementor-icon-list-text\">Article #7 (Access to Personal Data)<\/span>\n\t\t\t\t\t\t\t\t\t<\/li>\n\t\t\t\t\t\t<\/ul>\n\t\t\t\t<\/div>\n\t\t\t\t<\/div>\n\t\t\t\t<div class=\"elementor-element elementor-element-f557051 elementor-widget elementor-widget-text-editor\" data-id=\"f557051\" data-element_type=\"widget\" data-widget_type=\"text-editor.default\">\n\t\t\t\t<div class=\"elementor-widget-container\">\n\t\t\t\t\t\t\t<p>Access to your personal data is limited to authorized personnel within Rde\u010da Oran\u017ea who are authorized to process personal data and third parties with whom Rde\u010da Oran\u017ea has a data processing agreement, known as data processors. Data processors perform personal data processing services in accordance with the provisions of the agreement between Rde\u010da Oran\u017ea and them. Data processors are prohibited from transferring personal data to third countries and international organizations.<\/p>\t\t\t\t\t\t<\/div>\n\t\t\t\t<\/div>\n\t\t\t\t<div class=\"elementor-element elementor-element-62c509f elementor-icon-list--layout-traditional elementor-list-item-link-full_width elementor-widget elementor-widget-icon-list\" data-id=\"62c509f\" data-element_type=\"widget\" data-widget_type=\"icon-list.default\">\n\t\t\t\t<div class=\"elementor-widget-container\">\n\t\t\t\t\t<ul class=\"elementor-icon-list-items\">\n\t\t\t\t\t\t\t<li class=\"elementor-icon-list-item\">\n\t\t\t\t\t\t\t\t\t\t\t<span class=\"elementor-icon-list-icon\">\n\t\t\t\t\t\t\t<i aria-hidden=\"true\" class=\"fas fa-dot-circle\"><\/i>\t\t\t\t\t\t<\/span>\n\t\t\t\t\t\t\t\t\t\t<span class=\"elementor-icon-list-text\">Article #8 (Rights Regarding Personal Data)<\/span>\n\t\t\t\t\t\t\t\t\t<\/li>\n\t\t\t\t\t\t<\/ul>\n\t\t\t\t<\/div>\n\t\t\t\t<\/div>\n\t\t\t\t<div class=\"elementor-element elementor-element-cb5da34 elementor-widget elementor-widget-text-editor\" data-id=\"cb5da34\" data-element_type=\"widget\" data-widget_type=\"text-editor.default\">\n\t\t\t\t<div class=\"elementor-widget-container\">\n\t\t\t\t\t\t\t<p>You have the right to request information from Rde\u010da Oran\u017ea about whether your personal data is being processed, what personal data is being processed, the purpose of processing personal data, who the recipients of that personal data are, the retention period of personal data, and the criteria used to determine the retention period. You also have the right to be informed about the existence of automated decision-making, its significance, and the expected consequences. You can request the correction of inaccurate data and the restriction of processing when:<\/p><ul><li>You dispute the accuracy of the data, for a period necessary to verify the accuracy of the data.<\/li><li>The processing is unlawful, but you do not request the deletion of the data, only the restriction of their processing.<\/li><li>The personal data is no longer needed by us, but you need it for the establishment, exercise, or defense of legal claims. If the conditions stated in Article 17 of the General Data Protection Regulation are met, you can request the deletion of all your personal data (Right to be forgotten). In any case where data has been collected based on your consent and you subsequently revoke that consent, you can request a copy of your personal data in a structured, commonly used, and machine-readable format. You have the right to transmit this data to another data controller without hindrance, and you also have the right to lodge a complaint with the Information Commissioner if you believe that Rde\u010da Oran\u017ea or any other person processing your personal data is violating the applicable legal regulations.<\/li><\/ul>\t\t\t\t\t\t<\/div>\n\t\t\t\t<\/div>\n\t\t\t\t<div class=\"elementor-element elementor-element-41b61cb elementor-icon-list--layout-traditional elementor-list-item-link-full_width elementor-widget elementor-widget-icon-list\" data-id=\"41b61cb\" data-element_type=\"widget\" data-widget_type=\"icon-list.default\">\n\t\t\t\t<div class=\"elementor-widget-container\">\n\t\t\t\t\t<ul class=\"elementor-icon-list-items\">\n\t\t\t\t\t\t\t<li class=\"elementor-icon-list-item\">\n\t\t\t\t\t\t\t\t\t\t\t<span class=\"elementor-icon-list-icon\">\n\t\t\t\t\t\t\t<i aria-hidden=\"true\" class=\"fas fa-dot-circle\"><\/i>\t\t\t\t\t\t<\/span>\n\t\t\t\t\t\t\t\t\t\t<span class=\"elementor-icon-list-text\">Article #9 (Exercising Rights)<\/span>\n\t\t\t\t\t\t\t\t\t<\/li>\n\t\t\t\t\t\t<\/ul>\n\t\t\t\t<\/div>\n\t\t\t\t<\/div>\n\t\t\t\t<div class=\"elementor-element elementor-element-6919ba7 elementor-widget elementor-widget-text-editor\" data-id=\"6919ba7\" data-element_type=\"widget\" data-widget_type=\"text-editor.default\">\n\t\t\t\t<div class=\"elementor-widget-container\">\n\t\t\t\t\t\t\t<p>Send your requests from the previous article to any contact person responsible for data processing mentioned in Article 1 of this document. To provide personal data, we may ask you to provide proof of your identity. If you fail to reliably prove your identity, we may reject your request from the previous article. We are obliged to respond to your request from the previous article as soon as we become familiar with it and obtain relevant information, but no later than 15 days from receiving your request.<\/p><p><strong>Date of the last version publication: 12. 6. 2023<\/strong><\/p>\t\t\t\t\t\t<\/div>\n\t\t\t\t<\/div>\n\t\t\t\t<div class=\"elementor-element elementor-element-10165e6 elementor-widget elementor-widget-spacer\" data-id=\"10165e6\" data-element_type=\"widget\" data-widget_type=\"spacer.default\">\n\t\t\t\t<div class=\"elementor-widget-container\">\n\t\t\t\t\t<div class=\"elementor-spacer\">\n\t\t\t<div class=\"elementor-spacer-inner\"><\/div>\n\t\t<\/div>\n\t\t\t\t<\/div>\n\t\t\t\t<\/div>\n\t\t\t\t\t<\/div>\n\t\t<\/div>\n\t\t\t\t\t\t\t<\/div>\n\t\t<\/section>\n\t\t\t\t\t\t\t<\/div>\n\t\t","protected":false},"excerpt":{"rendered":"<p>Policy on Personal Data Protection Article #1 (Data Controller and Contact Information) The provisions of this document apply to the collection and processing of all personal data collected and processed by the company Rde\u010da Oran\u017ea, iskustveni marketing d.o.o. (hereinafter referred to as the &#8220;Controller&#8221;). Information about the Controller: Company: Rde\u010da Oran\u017ea, izkustveni marketing d.o.o. Address: [&hellip;]<\/p>\n","protected":false},"author":1,"featured_media":0,"parent":0,"menu_order":0,"comment_status":"closed","ping_status":"closed","template":"","meta":{"footnotes":""},"class_list":["post-11770","page","type-page","status-publish","hentry"],"ams_acf":[],"yoast_head":"<!-- This site is optimized with the Yoast SEO plugin v20.3 - https:\/\/yoast.com\/wordpress\/plugins\/seo\/ -->\n<title>Privacy policy - Martin Fortuna<\/title>\n<meta name=\"robots\" content=\"index, follow, max-snippet:-1, max-image-preview:large, max-video-preview:-1\" \/>\n<link rel=\"canonical\" href=\"https:\/\/martinfortuna.de\/en\/privacy-policy-2\/\" \/>\n<meta property=\"og:locale\" content=\"en_US\" \/>\n<meta property=\"og:type\" content=\"article\" \/>\n<meta property=\"og:title\" content=\"Privacy policy - Martin Fortuna\" \/>\n<meta property=\"og:description\" content=\"Policy on Personal Data Protection Article #1 (Data Controller and Contact Information) The provisions of this document apply to the collection and processing of all personal data collected and processed by the company Rde\u010da Oran\u017ea, iskustveni marketing d.o.o. (hereinafter referred to as the &#8220;Controller&#8221;). Information about the Controller: Company: Rde\u010da Oran\u017ea, izkustveni marketing d.o.o. Address: [&hellip;]\" \/>\n<meta property=\"og:url\" content=\"https:\/\/martinfortuna.de\/en\/privacy-policy-2\/\" \/>\n<meta property=\"og:site_name\" content=\"Martin Fortuna\" \/>\n<meta property=\"article:modified_time\" content=\"2023-06-12T05:48:01+00:00\" \/>\n<meta name=\"twitter:card\" content=\"summary_large_image\" \/>\n<meta name=\"twitter:label1\" content=\"Est. reading time\" \/>\n\t<meta name=\"twitter:data1\" content=\"5 minutes\" \/>\n<script type=\"application\/ld+json\" class=\"yoast-schema-graph\">{\"@context\":\"https:\/\/schema.org\",\"@graph\":[{\"@type\":\"WebPage\",\"@id\":\"https:\/\/martinfortuna.de\/en\/privacy-policy-2\/\",\"url\":\"https:\/\/martinfortuna.de\/en\/privacy-policy-2\/\",\"name\":\"Privacy policy - Martin Fortuna\",\"isPartOf\":{\"@id\":\"https:\/\/martinfortuna.de\/en\/#website\"},\"datePublished\":\"2023-03-21T11:27:03+00:00\",\"dateModified\":\"2023-06-12T05:48:01+00:00\",\"breadcrumb\":{\"@id\":\"https:\/\/martinfortuna.de\/en\/privacy-policy-2\/#breadcrumb\"},\"inLanguage\":\"en-US\",\"potentialAction\":[{\"@type\":\"ReadAction\",\"target\":[\"https:\/\/martinfortuna.de\/en\/privacy-policy-2\/\"]}]},{\"@type\":\"BreadcrumbList\",\"@id\":\"https:\/\/martinfortuna.de\/en\/privacy-policy-2\/#breadcrumb\",\"itemListElement\":[{\"@type\":\"ListItem\",\"position\":1,\"name\":\"Home\",\"item\":\"https:\/\/martinfortuna.de\/en\/\"},{\"@type\":\"ListItem\",\"position\":2,\"name\":\"Privacy policy\"}]},{\"@type\":\"WebSite\",\"@id\":\"https:\/\/martinfortuna.de\/en\/#website\",\"url\":\"https:\/\/martinfortuna.de\/en\/\",\"name\":\"Martin Fortuna\",\"description\":\"Martin Fortuna Portal\",\"potentialAction\":[{\"@type\":\"SearchAction\",\"target\":{\"@type\":\"EntryPoint\",\"urlTemplate\":\"https:\/\/martinfortuna.de\/en\/?s={search_term_string}\"},\"query-input\":\"required name=search_term_string\"}],\"inLanguage\":\"en-US\"}]}<\/script>\n<!-- \/ Yoast SEO plugin. -->","yoast_head_json":{"title":"Privacy policy - Martin Fortuna","robots":{"index":"index","follow":"follow","max-snippet":"max-snippet:-1","max-image-preview":"max-image-preview:large","max-video-preview":"max-video-preview:-1"},"canonical":"https:\/\/martinfortuna.de\/en\/privacy-policy-2\/","og_locale":"en_US","og_type":"article","og_title":"Privacy policy - Martin Fortuna","og_description":"Policy on Personal Data Protection Article #1 (Data Controller and Contact Information) The provisions of this document apply to the collection and processing of all personal data collected and processed by the company Rde\u010da Oran\u017ea, iskustveni marketing d.o.o. (hereinafter referred to as the &#8220;Controller&#8221;). Information about the Controller: Company: Rde\u010da Oran\u017ea, izkustveni marketing d.o.o. Address: [&hellip;]","og_url":"https:\/\/martinfortuna.de\/en\/privacy-policy-2\/","og_site_name":"Martin Fortuna","article_modified_time":"2023-06-12T05:48:01+00:00","twitter_card":"summary_large_image","twitter_misc":{"Est. reading time":"5 minutes"},"schema":{"@context":"https:\/\/schema.org","@graph":[{"@type":"WebPage","@id":"https:\/\/martinfortuna.de\/en\/privacy-policy-2\/","url":"https:\/\/martinfortuna.de\/en\/privacy-policy-2\/","name":"Privacy policy - Martin Fortuna","isPartOf":{"@id":"https:\/\/martinfortuna.de\/en\/#website"},"datePublished":"2023-03-21T11:27:03+00:00","dateModified":"2023-06-12T05:48:01+00:00","breadcrumb":{"@id":"https:\/\/martinfortuna.de\/en\/privacy-policy-2\/#breadcrumb"},"inLanguage":"en-US","potentialAction":[{"@type":"ReadAction","target":["https:\/\/martinfortuna.de\/en\/privacy-policy-2\/"]}]},{"@type":"BreadcrumbList","@id":"https:\/\/martinfortuna.de\/en\/privacy-policy-2\/#breadcrumb","itemListElement":[{"@type":"ListItem","position":1,"name":"Home","item":"https:\/\/martinfortuna.de\/en\/"},{"@type":"ListItem","position":2,"name":"Privacy policy"}]},{"@type":"WebSite","@id":"https:\/\/martinfortuna.de\/en\/#website","url":"https:\/\/martinfortuna.de\/en\/","name":"Martin Fortuna","description":"Martin Fortuna Portal","potentialAction":[{"@type":"SearchAction","target":{"@type":"EntryPoint","urlTemplate":"https:\/\/martinfortuna.de\/en\/?s={search_term_string}"},"query-input":"required name=search_term_string"}],"inLanguage":"en-US"}]}},"_links":{"self":[{"href":"https:\/\/martinfortuna.de\/en\/wp-json\/wp\/v2\/pages\/11770","targetHints":{"allow":["GET"]}}],"collection":[{"href":"https:\/\/martinfortuna.de\/en\/wp-json\/wp\/v2\/pages"}],"about":[{"href":"https:\/\/martinfortuna.de\/en\/wp-json\/wp\/v2\/types\/page"}],"author":[{"embeddable":true,"href":"https:\/\/martinfortuna.de\/en\/wp-json\/wp\/v2\/users\/1"}],"replies":[{"embeddable":true,"href":"https:\/\/martinfortuna.de\/en\/wp-json\/wp\/v2\/comments?post=11770"}],"version-history":[{"count":15,"href":"https:\/\/martinfortuna.de\/en\/wp-json\/wp\/v2\/pages\/11770\/revisions"}],"predecessor-version":[{"id":14994,"href":"https:\/\/martinfortuna.de\/en\/wp-json\/wp\/v2\/pages\/11770\/revisions\/14994"}],"wp:attachment":[{"href":"https:\/\/martinfortuna.de\/en\/wp-json\/wp\/v2\/media?parent=11770"}],"curies":[{"name":"wp","href":"https:\/\/api.w.org\/{rel}","templated":true}]}}